{"id":14096,"date":"2025-02-26T15:54:26","date_gmt":"2025-02-26T20:54:26","guid":{"rendered":"https:\/\/sim.unemi.edu.ec\/?page_id=14096"},"modified":"2025-03-26T15:49:31","modified_gmt":"2025-03-26T20:49:31","slug":"unemi-play","status":"publish","type":"page","link":"https:\/\/sim.unemi.edu.ec\/index.php\/unemi-play\/","title":{"rendered":"Unemi Play"},"content":{"rendered":"<div class=\"wp-block-image\">\n<figure class=\"aligncenter size-large is-resized\"><img loading=\"lazy\" decoding=\"async\" width=\"1024\" height=\"280\" src=\"https:\/\/sim.unemi.edu.ec\/wp-content\/uploads\/2025\/03\/unemi-play-h-1024x280.png\" alt=\"\" class=\"wp-image-14272\" style=\"width:618px;height:auto\"\/><\/figure><\/div>\n\n\n<div style=\"height:50px\" aria-hidden=\"true\" class=\"wp-block-spacer\"><\/div>\n\n\n<p><span style=\"font-weight: 400;\">La ventana audiovisual de nuestra instituci\u00f3n. En <\/span><b>Unemi Play<\/b><span style=\"font-weight: 400;\">, producimos y transmitimos programas de televisi\u00f3n que reflejan nuestra diversidad, conocimiento y cultura. Desde documentales hasta contenidos educativos y entretenimiento, somos un canal que conecta la academia con el mundo.<\/span><\/p>\n\n\n<figure class=\"wp-block-gallery has-nested-images columns-default is-cropped wp-block-gallery-1 is-layout-flex wp-block-gallery-is-layout-flex\">\n<figure class=\"wp-block-image size-large\"><img loading=\"lazy\" decoding=\"async\" width=\"1024\" height=\"545\" data-id=\"14274\" src=\"https:\/\/sim.unemi.edu.ec\/wp-content\/uploads\/2025\/03\/Foto-tv-general-1-1024x545.png\" alt=\"\" class=\"wp-image-14274\"\/><\/figure>\n\n\n\n<figure class=\"wp-block-image size-large\"><img loading=\"lazy\" decoding=\"async\" width=\"1024\" height=\"1024\" data-id=\"14277\" src=\"https:\/\/sim.unemi.edu.ec\/wp-content\/uploads\/2025\/03\/Foto-tv-01-periodista-1024x1024.png\" alt=\"\" class=\"wp-image-14277\"\/><\/figure>\n\n\n\n<figure class=\"wp-block-image size-large\"><img loading=\"lazy\" decoding=\"async\" width=\"709\" height=\"709\" data-id=\"14276\" src=\"https:\/\/sim.unemi.edu.ec\/wp-content\/uploads\/2025\/03\/foto-tv-camara-3.png\" alt=\"\" class=\"wp-image-14276\"\/><\/figure>\n\n\n\n<figure class=\"wp-block-image size-large\"><img loading=\"lazy\" decoding=\"async\" width=\"900\" height=\"900\" data-id=\"14275\" src=\"https:\/\/sim.unemi.edu.ec\/wp-content\/uploads\/2025\/03\/foto-tv-set-4.png\" alt=\"\" class=\"wp-image-14275\"\/><\/figure>\n\n\n\n<figure class=\"wp-block-image size-large\"><img loading=\"lazy\" decoding=\"async\" width=\"1024\" height=\"1024\" data-id=\"14278\" src=\"https:\/\/sim.unemi.edu.ec\/wp-content\/uploads\/2025\/03\/Sets-tv-sim-1024x1024.png\" alt=\"\" class=\"wp-image-14278\"\/><\/figure>\n<\/figure>\n\n\n\n<div style=\"height:20px\" aria-hidden=\"true\" class=\"wp-block-spacer\"><\/div>\n\n\n<p><span style=\"font-weight: 400;\">El objetivo principal de los programas es que los estudiantes participen activamente en la producci\u00f3n audiovisual, guiando y ejecutando tareas t\u00e9cnicas y creativas como la edici\u00f3n, guionizaci\u00f3n, manejo de c\u00e1maras y luces, y la conducci\u00f3n de los programas en vivo.<\/span><\/p>\n<p><b>Roles en los Programas de Televisi\u00f3n<\/b><\/p>\n<ul>\n<li style=\"font-weight: 400;\" aria-level=\"1\"><b>Presentadores:<\/b><span style=\"font-weight: 400;\"> Estudiantes que ejercen la conducci\u00f3n frente a c\u00e1maras.<\/span><\/li>\n<li style=\"font-weight: 400;\" aria-level=\"1\"><b>Guionistas:<\/b><span style=\"font-weight: 400;\"> Crean los guiones para cada programa, desarrollando habilidades en la escritura creativa y t\u00e9cnica.<\/span><\/li>\n<li style=\"font-weight: 400;\" aria-level=\"1\"><b>Camar\u00f3grafos y T\u00e9cnicos de Iluminaci\u00f3n:<\/b><span style=\"font-weight: 400;\"> Encargados del manejo de c\u00e1maras, iluminaci\u00f3n y equipo audiovisual.<\/span><\/li>\n<\/ul>\n\n\n<p><\/p>\n","protected":false},"excerpt":{"rendered":"<p>La ventana audiovisual de nuestra instituci\u00f3n. En Unemi Play, producimos y transmitimos programas de televisi\u00f3n que reflejan nuestra diversidad, conocimiento y cultura. Desde documentales hasta contenidos educativos y entretenimiento, somos un canal que conecta la academia con el mundo. El objetivo principal de los programas es que los estudiantes participen activamente en la producci\u00f3n audiovisual, [&hellip;]<\/p>\n","protected":false},"author":2,"featured_media":0,"parent":0,"menu_order":0,"comment_status":"closed","ping_status":"closed","template":"","meta":{"footnotes":""},"class_list":["post-14096","page","type-page","status-publish","hentry"],"_links":{"self":[{"href":"https:\/\/sim.unemi.edu.ec\/index.php\/wp-json\/wp\/v2\/pages\/14096","targetHints":{"allow":["GET"]}}],"collection":[{"href":"https:\/\/sim.unemi.edu.ec\/index.php\/wp-json\/wp\/v2\/pages"}],"about":[{"href":"https:\/\/sim.unemi.edu.ec\/index.php\/wp-json\/wp\/v2\/types\/page"}],"author":[{"embeddable":true,"href":"https:\/\/sim.unemi.edu.ec\/index.php\/wp-json\/wp\/v2\/users\/2"}],"replies":[{"embeddable":true,"href":"https:\/\/sim.unemi.edu.ec\/index.php\/wp-json\/wp\/v2\/comments?post=14096"}],"version-history":[{"count":5,"href":"https:\/\/sim.unemi.edu.ec\/index.php\/wp-json\/wp\/v2\/pages\/14096\/revisions"}],"predecessor-version":[{"id":14293,"href":"https:\/\/sim.unemi.edu.ec\/index.php\/wp-json\/wp\/v2\/pages\/14096\/revisions\/14293"}],"wp:attachment":[{"href":"https:\/\/sim.unemi.edu.ec\/index.php\/wp-json\/wp\/v2\/media?parent=14096"}],"curies":[{"name":"wp","href":"https:\/\/api.w.org\/{rel}","templated":true}]}}