{"id":14099,"date":"2025-02-26T15:55:36","date_gmt":"2025-02-26T20:55:36","guid":{"rendered":"https:\/\/sim.unemi.edu.ec\/?page_id=14099"},"modified":"2025-03-26T15:46:32","modified_gmt":"2025-03-26T20:46:32","slug":"unemi-news","status":"publish","type":"page","link":"https:\/\/sim.unemi.edu.ec\/index.php\/unemi-news\/","title":{"rendered":"Unemi News"},"content":{"rendered":"<div class=\"wp-block-image\">\n<figure class=\"aligncenter size-large is-resized\"><img loading=\"lazy\" decoding=\"async\" width=\"1024\" height=\"198\" src=\"https:\/\/sim.unemi.edu.ec\/wp-content\/uploads\/2025\/03\/Logo-Unemi-News-contornos-color-1024x198.png\" alt=\"\" class=\"wp-image-14282\" style=\"width:587px;height:auto\"\/><\/figure><\/div>\n\n\n<div style=\"height:50px\" aria-hidden=\"true\" class=\"wp-block-spacer\"><\/div>\n\n\n<p><span style=\"font-weight: 400;\">El n\u00facleo informativo del SIM. <\/span><b>Unemi News<\/b><span style=\"font-weight: 400;\"> es nuestro portal de prensa digital, donde publicamos noticias relevantes, art\u00edculos de opini\u00f3n y coberturas especiales. Nos esforzamos por ser una fuente confiable y actualizada, destacando los logros y eventos m\u00e1s importantes de nuestra comunidad.<\/span><\/p>\n\n\n<figure class=\"wp-block-gallery has-nested-images columns-default is-cropped wp-block-gallery-1 is-layout-flex wp-block-gallery-is-layout-flex\">\n<figure class=\"wp-block-image size-large\"><img loading=\"lazy\" decoding=\"async\" width=\"1024\" height=\"545\" data-id=\"14285\" src=\"https:\/\/sim.unemi.edu.ec\/wp-content\/uploads\/2025\/03\/Foto-prensa-general-1-1024x545.png\" alt=\"\" class=\"wp-image-14285\"\/><\/figure>\n\n\n\n<figure class=\"wp-block-image size-large\"><img loading=\"lazy\" decoding=\"async\" width=\"720\" height=\"720\" data-id=\"14284\" src=\"https:\/\/sim.unemi.edu.ec\/wp-content\/uploads\/2025\/03\/foto-tv-cobertura.png\" alt=\"\" class=\"wp-image-14284\"\/><\/figure>\n<\/figure>\n\n\n\n<div style=\"height:18px\" aria-hidden=\"true\" class=\"wp-block-spacer\"><\/div>\n\n\n<p><span style=\"font-weight: 400;\">El objetivo es que los estudiantes adquieran habilidades en la creaci\u00f3n y difusi\u00f3n de contenido digital, abordando temas actuales de inter\u00e9s social, econ\u00f3mico y cultural, y que perfeccionen sus capacidades en redacci\u00f3n, dise\u00f1o de contenido y manejo de plataformas digitales.<\/span><\/p>\n<p><b>\u200b\u200bRoles en Prensa Digital<\/b><\/p>\n<ul>\n<li style=\"font-weight: 400;\" aria-level=\"1\"><b>Redactores:<\/b><span style=\"font-weight: 400;\"> Encargados de la producci\u00f3n escrita de contenidos.<\/span><\/li>\n<li style=\"font-weight: 400;\" aria-level=\"1\"><b>Editores:<\/b><span style=\"font-weight: 400;\"> Supervisan la calidad de las publicaciones, incluyendo la revisi\u00f3n de estilo y coherencia de los textos.<\/span><\/li>\n<li style=\"font-weight: 400;\" aria-level=\"1\"><b>Dise\u00f1adores de Contenido:<\/b><span style=\"font-weight: 400;\"> Responsables del dise\u00f1o gr\u00e1fico y visual de las publicaciones.<\/span><\/li>\n<\/ul>","protected":false},"excerpt":{"rendered":"<p>El n\u00facleo informativo del SIM. Unemi News es nuestro portal de prensa digital, donde publicamos noticias relevantes, art\u00edculos de opini\u00f3n y coberturas especiales. Nos esforzamos por ser una fuente confiable y actualizada, destacando los logros y eventos m\u00e1s importantes de nuestra comunidad. El objetivo es que los estudiantes adquieran habilidades en la creaci\u00f3n y difusi\u00f3n [&hellip;]<\/p>\n","protected":false},"author":2,"featured_media":0,"parent":0,"menu_order":0,"comment_status":"closed","ping_status":"closed","template":"","meta":{"footnotes":""},"class_list":["post-14099","page","type-page","status-publish","hentry"],"_links":{"self":[{"href":"https:\/\/sim.unemi.edu.ec\/index.php\/wp-json\/wp\/v2\/pages\/14099","targetHints":{"allow":["GET"]}}],"collection":[{"href":"https:\/\/sim.unemi.edu.ec\/index.php\/wp-json\/wp\/v2\/pages"}],"about":[{"href":"https:\/\/sim.unemi.edu.ec\/index.php\/wp-json\/wp\/v2\/types\/page"}],"author":[{"embeddable":true,"href":"https:\/\/sim.unemi.edu.ec\/index.php\/wp-json\/wp\/v2\/users\/2"}],"replies":[{"embeddable":true,"href":"https:\/\/sim.unemi.edu.ec\/index.php\/wp-json\/wp\/v2\/comments?post=14099"}],"version-history":[{"count":5,"href":"https:\/\/sim.unemi.edu.ec\/index.php\/wp-json\/wp\/v2\/pages\/14099\/revisions"}],"predecessor-version":[{"id":14289,"href":"https:\/\/sim.unemi.edu.ec\/index.php\/wp-json\/wp\/v2\/pages\/14099\/revisions\/14289"}],"wp:attachment":[{"href":"https:\/\/sim.unemi.edu.ec\/index.php\/wp-json\/wp\/v2\/media?parent=14099"}],"curies":[{"name":"wp","href":"https:\/\/api.w.org\/{rel}","templated":true}]}}